{"id":3411,"date":"2024-04-05T12:05:48","date_gmt":"2024-04-05T10:05:48","guid":{"rendered":"http:\/\/aegle-site-rh9\/index.php\/services\/"},"modified":"2024-04-18T16:08:43","modified_gmt":"2024-04-18T14:08:43","slug":"nos-solutions","status":"publish","type":"page","link":"https:\/\/www.aegle.fr\/?page_id=3411","title":{"rendered":"Nos solutions"},"content":{"rendered":"\t\t<div data-elementor-type=\"wp-page\" data-elementor-id=\"3411\" class=\"elementor elementor-3411\" data-elementor-post-type=\"page\">\n\t\t\t\t<div data-marvy_enable_drop_animation=\"false\" data-marvy_enable_fancy_rotate=\"false\" data-marvy_enable_flying_object=\"false\" data-marvy_enable_ripples_animation=\"false\" data-marvy_enable_waves_animation=\"false\" data-marvy_enable_rings_animation=\"false\" data-marvy_enable_topology_animation=\"false\" data-marvy_enable_gradient_animation=\"false\" data-marvy_enable_snow_animation=\"false\" data-marvy_enable_firework_animation=\"false\" data-marvy_enable_cloud_animation=\"false\" class=\"elementor-element elementor-element-4a02f57e e-con-full e-flex e-con e-parent\" data-id=\"4a02f57e\" data-element_type=\"container\" data-e-type=\"container\" data-settings=\"{&quot;background_background&quot;:&quot;classic&quot;}\">\n\t\t<div data-marvy_enable_drop_animation=\"false\" data-marvy_enable_fancy_rotate=\"false\" data-marvy_enable_flying_object=\"false\" data-marvy_enable_ripples_animation=\"false\" data-marvy_enable_waves_animation=\"false\" data-marvy_enable_rings_animation=\"false\" data-marvy_enable_topology_animation=\"false\" data-marvy_enable_gradient_animation=\"false\" data-marvy_enable_snow_animation=\"false\" data-marvy_enable_firework_animation=\"false\" data-marvy_enable_cloud_animation=\"false\" class=\"elementor-element elementor-element-8027e8c e-flex e-con-boxed e-con e-child\" data-id=\"8027e8c\" data-element_type=\"container\" data-e-type=\"container\">\n\t\t\t\t\t<div class=\"e-con-inner\">\n\t\t\t\t<div class=\"elementor-element elementor-element-bb5f667 elementor-widget elementor-widget-heading\" data-id=\"bb5f667\" data-element_type=\"widget\" data-e-type=\"widget\" data-widget_type=\"heading.default\">\n\t\t\t\t<div class=\"elementor-widget-container\">\n\t\t\t\t\t<h2 class=\"elementor-heading-title elementor-size-default\">D\u00e9couvrez nos solutions<\/h2>\t\t\t\t<\/div>\n\t\t\t\t<\/div>\n\t\t\t\t\t<\/div>\n\t\t\t\t<\/div>\n\t\t\t\t<\/div>\n\t\t\t\t<section data-marvy_enable_drop_animation=\"false\" data-marvy_enable_fancy_rotate=\"false\" data-marvy_enable_flying_object=\"false\" data-marvy_enable_ripples_animation=\"false\" data-marvy_enable_waves_animation=\"false\" data-marvy_enable_rings_animation=\"false\" data-marvy_enable_topology_animation=\"false\" data-marvy_enable_gradient_animation=\"false\" data-marvy_enable_snow_animation=\"false\" data-marvy_enable_firework_animation=\"false\" data-marvy_enable_cloud_animation=\"false\" class=\"elementor-section elementor-top-section elementor-element elementor-element-3afc1199 elementor-section-stretched elementor-section-boxed elementor-section-height-default elementor-section-height-default\" data-id=\"3afc1199\" data-element_type=\"section\" data-e-type=\"section\" data-settings=\"{&quot;stretch_section&quot;:&quot;section-stretched&quot;,&quot;background_background&quot;:&quot;classic&quot;}\">\n\t\t\t\t\t\t<div class=\"elementor-container elementor-column-gap-default\">\n\t\t\t\t\t<div class=\"elementor-column elementor-col-100 elementor-top-column elementor-element elementor-element-7da57086\" data-id=\"7da57086\" data-element_type=\"column\" data-e-type=\"column\">\n\t\t\t<div class=\"elementor-widget-wrap elementor-element-populated\">\n\t\t\t\t\t\t<section data-marvy_enable_drop_animation=\"false\" data-marvy_enable_fancy_rotate=\"false\" data-marvy_enable_flying_object=\"false\" data-marvy_enable_ripples_animation=\"false\" data-marvy_enable_waves_animation=\"false\" data-marvy_enable_rings_animation=\"false\" data-marvy_enable_topology_animation=\"false\" data-marvy_enable_gradient_animation=\"false\" data-marvy_enable_snow_animation=\"false\" data-marvy_enable_firework_animation=\"false\" data-marvy_enable_cloud_animation=\"false\" class=\"elementor-section elementor-inner-section elementor-element elementor-element-5ac69a3d elementor-reverse-mobile elementor-section-boxed elementor-section-height-default elementor-section-height-default\" data-id=\"5ac69a3d\" data-element_type=\"section\" data-e-type=\"section\" data-settings=\"{&quot;background_background&quot;:&quot;classic&quot;}\">\n\t\t\t\t\t\t<div class=\"elementor-container elementor-column-gap-default\">\n\t\t\t\t\t<div class=\"elementor-column elementor-col-50 elementor-inner-column elementor-element elementor-element-72ea961c\" data-id=\"72ea961c\" data-element_type=\"column\" data-e-type=\"column\">\n\t\t\t<div class=\"elementor-widget-wrap elementor-element-populated\">\n\t\t\t\t\t\t<div class=\"elementor-element elementor-element-14a9e80f elementor-widget elementor-widget-heading\" data-id=\"14a9e80f\" data-element_type=\"widget\" data-e-type=\"widget\" data-widget_type=\"heading.default\">\n\t\t\t\t<div class=\"elementor-widget-container\">\n\t\t\t\t\t<h2 class=\"elementor-heading-title elementor-size-default\">AMI<\/h2>\t\t\t\t<\/div>\n\t\t\t\t<\/div>\n\t\t\t\t<div class=\"elementor-element elementor-element-7d493b78 elementor-widget elementor-widget-text-editor\" data-id=\"7d493b78\" data-element_type=\"widget\" data-e-type=\"widget\" data-widget_type=\"text-editor.default\">\n\t\t\t\t<div class=\"elementor-widget-container\">\n\t\t\t\t\t\t\t\t\t<div class=\"group w-full text-token-text-primary border-b border-black\/10 gizmo:border-0 dark:border-gray-900\/50 gizmo:dark:border-0 bg-gray-50 gizmo:bg-transparent dark:bg-[#444654] gizmo:dark:bg-transparent\" data-testid=\"conversation-turn-19\"><div class=\"p-4 justify-center text-base md:gap-6 md:py-6 m-auto\"><div class=\"flex flex-1 gap-4 text-base mx-auto md:gap-6 md:max-w-2xl lg:max-w-[38rem] xl:max-w-3xl }\"><div class=\"relative flex w-[calc(100%-50px)] flex-col gap-1 md:gap-3 lg:w-[calc(100%-115px)]\"><div class=\"flex flex-grow flex-col gap-3 max-w-full\"><div class=\"min-h-[20px] flex flex-col items-start gap-3 overflow-x-auto whitespace-pre-wrap break-words\"><div class=\"markdown prose w-full break-words dark:prose-invert dark\"><p>AMI, notre solution modulaire compl\u00e8te, r\u00e9volutionne chaque \u00e9tape du parcours de soins du patient.<\/p><p>Con\u00e7ue pour capturer en temps r\u00e9el les donn\u00e9es m\u00e9dicales essentielles, AMI garantit la constitution d&rsquo;un dossier m\u00e9dical patient homog\u00e8ne, s\u00e9curis\u00e9 et conforme aux normes les plus rigoureuses.<\/p><p>Gr\u00e2ce \u00e0 AMI, le suivi m\u00e9dical et la prise en charge des patients s&rsquo;am\u00e9liorent consid\u00e9rablement. Les \u00e9quipes de soin b\u00e9n\u00e9ficient d&rsquo;un acc\u00e8s instantan\u00e9 \u00e0 un dossier complet et structur\u00e9, favorisant une coordination optimale et une prise de d\u00e9cision \u00e9clair\u00e9e.<\/p><p>De plus, AMI alimente efficacement les outils de planification et de gestion des soins, facilitant ainsi la gestion des ressources et l&rsquo;optimisation des services hospitaliers. La tra\u00e7abilit\u00e9 compl\u00e8te du parcours patient est assur\u00e9e, tandis que les donn\u00e9es recueillies permettent une analyse approfondie des performances et une int\u00e9gration ais\u00e9e dans les processus d\u00e9cisionnels.<\/p><p>Avec AMI, nous ouvrons la voie \u00e0 une nouvelle \u00e8re de gestion des donn\u00e9es m\u00e9dicales, o\u00f9 l&rsquo;excellence clinique et op\u00e9rationnelle se rencontrent pour offrir des soins de qualit\u00e9 sup\u00e9rieure.<\/p><\/div><\/div><\/div><\/div><\/div><\/div><\/div>\t\t\t\t\t\t\t\t<\/div>\n\t\t\t\t<\/div>\n\t\t\t\t\t<\/div>\n\t\t<\/div>\n\t\t\t\t<div class=\"elementor-column elementor-col-50 elementor-inner-column elementor-element elementor-element-6d6e4f1e\" data-id=\"6d6e4f1e\" data-element_type=\"column\" data-e-type=\"column\">\n\t\t\t<div class=\"elementor-widget-wrap elementor-element-populated\">\n\t\t\t\t\t\t<div class=\"elementor-element elementor-element-34e33df3 elementor-widget elementor-widget-image\" data-id=\"34e33df3\" data-element_type=\"widget\" data-e-type=\"widget\" data-widget_type=\"image.default\">\n\t\t\t\t<div class=\"elementor-widget-container\">\n\t\t\t\t\t\t\t\t\t\t\t\t\t\t\t<img fetchpriority=\"high\" decoding=\"async\" width=\"683\" height=\"1024\" src=\"https:\/\/www.aegle.fr\/wp-content\/uploads\/2024\/04\/doctor-using-laptop-with-stethoscope-around-his-neck-683x1024.jpg\" class=\"attachment-large size-large wp-image-3767\" alt=\"Progiciel m\u00e9dical\" srcset=\"https:\/\/www.aegle.fr\/wp-content\/uploads\/2024\/04\/doctor-using-laptop-with-stethoscope-around-his-neck-683x1024.jpg 683w, https:\/\/www.aegle.fr\/wp-content\/uploads\/2024\/04\/doctor-using-laptop-with-stethoscope-around-his-neck-200x300.jpg 200w, https:\/\/www.aegle.fr\/wp-content\/uploads\/2024\/04\/doctor-using-laptop-with-stethoscope-around-his-neck-768x1152.jpg 768w, https:\/\/www.aegle.fr\/wp-content\/uploads\/2024\/04\/doctor-using-laptop-with-stethoscope-around-his-neck-1024x1536.jpg 1024w, https:\/\/www.aegle.fr\/wp-content\/uploads\/2024\/04\/doctor-using-laptop-with-stethoscope-around-his-neck-1365x2048.jpg 1365w, https:\/\/www.aegle.fr\/wp-content\/uploads\/2024\/04\/doctor-using-laptop-with-stethoscope-around-his-neck-scaled.jpg 1707w\" sizes=\"(max-width: 683px) 100vw, 683px\" \/>\t\t\t\t\t\t\t\t\t\t\t\t\t\t\t<\/div>\n\t\t\t\t<\/div>\n\t\t\t\t\t<\/div>\n\t\t<\/div>\n\t\t\t\t\t<\/div>\n\t\t<\/section>\n\t\t\t\t<section data-marvy_enable_drop_animation=\"false\" data-marvy_enable_fancy_rotate=\"false\" data-marvy_enable_flying_object=\"false\" data-marvy_enable_ripples_animation=\"false\" data-marvy_enable_waves_animation=\"false\" data-marvy_enable_rings_animation=\"false\" data-marvy_enable_topology_animation=\"false\" data-marvy_enable_gradient_animation=\"false\" data-marvy_enable_snow_animation=\"false\" data-marvy_enable_firework_animation=\"false\" data-marvy_enable_cloud_animation=\"false\" class=\"elementor-section elementor-inner-section elementor-element elementor-element-d441d1a elementor-reverse-mobile elementor-section-boxed elementor-section-height-default elementor-section-height-default\" data-id=\"d441d1a\" data-element_type=\"section\" data-e-type=\"section\" data-settings=\"{&quot;background_background&quot;:&quot;classic&quot;}\">\n\t\t\t\t\t\t<div class=\"elementor-container elementor-column-gap-default\">\n\t\t\t\t\t<div class=\"elementor-column elementor-col-50 elementor-inner-column elementor-element elementor-element-efc7044\" data-id=\"efc7044\" data-element_type=\"column\" data-e-type=\"column\">\n\t\t\t<div class=\"elementor-widget-wrap elementor-element-populated\">\n\t\t\t\t\t\t<div class=\"elementor-element elementor-element-9d93c71 elementor-widget elementor-widget-image\" data-id=\"9d93c71\" data-element_type=\"widget\" data-e-type=\"widget\" data-widget_type=\"image.default\">\n\t\t\t\t<div class=\"elementor-widget-container\">\n\t\t\t\t\t\t\t\t\t\t\t\t\t\t\t<img decoding=\"async\" width=\"683\" height=\"1024\" src=\"https:\/\/www.aegle.fr\/wp-content\/uploads\/2024\/04\/nurse-desk-telemedicine-videocall-communicating-with-doctor-specialist-professional-medical-office-medic-having-online-internet-video-conference-with-young-colleague-683x1024.jpg\" class=\"attachment-large size-large wp-image-3773\" alt=\"\" srcset=\"https:\/\/www.aegle.fr\/wp-content\/uploads\/2024\/04\/nurse-desk-telemedicine-videocall-communicating-with-doctor-specialist-professional-medical-office-medic-having-online-internet-video-conference-with-young-colleague-683x1024.jpg 683w, https:\/\/www.aegle.fr\/wp-content\/uploads\/2024\/04\/nurse-desk-telemedicine-videocall-communicating-with-doctor-specialist-professional-medical-office-medic-having-online-internet-video-conference-with-young-colleague-200x300.jpg 200w, https:\/\/www.aegle.fr\/wp-content\/uploads\/2024\/04\/nurse-desk-telemedicine-videocall-communicating-with-doctor-specialist-professional-medical-office-medic-having-online-internet-video-conference-with-young-colleague-768x1152.jpg 768w, https:\/\/www.aegle.fr\/wp-content\/uploads\/2024\/04\/nurse-desk-telemedicine-videocall-communicating-with-doctor-specialist-professional-medical-office-medic-having-online-internet-video-conference-with-young-colleague-1024x1536.jpg 1024w, https:\/\/www.aegle.fr\/wp-content\/uploads\/2024\/04\/nurse-desk-telemedicine-videocall-communicating-with-doctor-specialist-professional-medical-office-medic-having-online-internet-video-conference-with-young-colleague-1365x2048.jpg 1365w, https:\/\/www.aegle.fr\/wp-content\/uploads\/2024\/04\/nurse-desk-telemedicine-videocall-communicating-with-doctor-specialist-professional-medical-office-medic-having-online-internet-video-conference-with-young-colleague-scaled.jpg 1707w\" sizes=\"(max-width: 683px) 100vw, 683px\" \/>\t\t\t\t\t\t\t\t\t\t\t\t\t\t\t<\/div>\n\t\t\t\t<\/div>\n\t\t\t\t\t<\/div>\n\t\t<\/div>\n\t\t\t\t<div class=\"elementor-column elementor-col-50 elementor-inner-column elementor-element elementor-element-c3efe87\" data-id=\"c3efe87\" data-element_type=\"column\" data-e-type=\"column\">\n\t\t\t<div class=\"elementor-widget-wrap elementor-element-populated\">\n\t\t\t\t\t\t<div class=\"elementor-element elementor-element-9abae0e elementor-widget elementor-widget-heading\" data-id=\"9abae0e\" data-element_type=\"widget\" data-e-type=\"widget\" data-widget_type=\"heading.default\">\n\t\t\t\t<div class=\"elementor-widget-container\">\n\t\t\t\t\t<h2 class=\"elementor-heading-title elementor-size-default\">AmiCare<\/h2>\t\t\t\t<\/div>\n\t\t\t\t<\/div>\n\t\t\t\t<div class=\"elementor-element elementor-element-1541648 elementor-widget elementor-widget-text-editor\" data-id=\"1541648\" data-element_type=\"widget\" data-e-type=\"widget\" data-widget_type=\"text-editor.default\">\n\t\t\t\t<div class=\"elementor-widget-container\">\n\t\t\t\t\t\t\t\t\t<div class=\"group w-full text-token-text-primary border-b border-black\/10 gizmo:border-0 dark:border-gray-900\/50 gizmo:dark:border-0 bg-gray-50 gizmo:bg-transparent dark:bg-[#444654] gizmo:dark:bg-transparent\" data-testid=\"conversation-turn-19\"><div class=\"p-4 justify-center text-base md:gap-6 md:py-6 m-auto\"><div class=\"flex flex-1 gap-4 text-base mx-auto md:gap-6 md:max-w-2xl lg:max-w-[38rem] xl:max-w-3xl }\"><div class=\"relative flex w-[calc(100%-50px)] flex-col gap-1 md:gap-3 lg:w-[calc(100%-115px)]\"><div class=\"flex flex-grow flex-col gap-3 max-w-full\"><div class=\"min-h-[20px] flex flex-col items-start gap-3 overflow-x-auto whitespace-pre-wrap break-words\"><div class=\"markdown prose w-full break-words dark:prose-invert dark\"><p>Au c\u0153ur de notre offre se trouve AmiCare, une application r\u00e9volutionnaire con\u00e7ue pour r\u00e9pondre aux besoins vari\u00e9s des utilisateurs :<\/p><p>\u00a0<\/p><ul><li>Recherche d&rsquo;\u00e9tablissements et de m\u00e9decins<\/li><li>Gestion et prise de rendez-vous 24h\/24, 7j\/7<\/li><li>Messagerie s\u00e9curis\u00e9e<\/li><\/ul><\/div><div class=\"markdown prose w-full break-words dark:prose-invert dark\"><ul><li>R\u00e9ception de documents<\/li><li>Suivi de valeurs<\/li><li>Saisie de formulaires<\/li><\/ul><p>\u00a0<\/p><p>AmiCare offre une exp\u00e9rience utilisateur fluide et intuitive, avec une application mobile disponible sur Android et iOS.<\/p><p>D\u00e9couvrez comment AmiCare peut optimiser votre gestion des consultations et am\u00e9liorer la qualit\u00e9 des soins que vous fournissez \u00e0 vos patients.<\/p><\/div><\/div><\/div><\/div><\/div><\/div><\/div>\t\t\t\t\t\t\t\t<\/div>\n\t\t\t\t<\/div>\n\t\t\t\t\t<\/div>\n\t\t<\/div>\n\t\t\t\t\t<\/div>\n\t\t<\/section>\n\t\t\t\t<section data-marvy_enable_drop_animation=\"false\" data-marvy_enable_fancy_rotate=\"false\" data-marvy_enable_flying_object=\"false\" data-marvy_enable_ripples_animation=\"false\" data-marvy_enable_waves_animation=\"false\" data-marvy_enable_rings_animation=\"false\" data-marvy_enable_topology_animation=\"false\" data-marvy_enable_gradient_animation=\"false\" data-marvy_enable_snow_animation=\"false\" data-marvy_enable_firework_animation=\"false\" data-marvy_enable_cloud_animation=\"false\" class=\"elementor-section elementor-inner-section elementor-element elementor-element-6dcad02 elementor-reverse-mobile elementor-section-boxed elementor-section-height-default elementor-section-height-default\" data-id=\"6dcad02\" data-element_type=\"section\" data-e-type=\"section\" data-settings=\"{&quot;background_background&quot;:&quot;classic&quot;}\">\n\t\t\t\t\t\t<div class=\"elementor-container elementor-column-gap-default\">\n\t\t\t\t\t<div class=\"elementor-column elementor-col-50 elementor-inner-column elementor-element elementor-element-a90b590\" data-id=\"a90b590\" data-element_type=\"column\" data-e-type=\"column\">\n\t\t\t<div class=\"elementor-widget-wrap elementor-element-populated\">\n\t\t\t\t\t\t<div class=\"elementor-element elementor-element-58735bd elementor-widget elementor-widget-heading\" data-id=\"58735bd\" data-element_type=\"widget\" data-e-type=\"widget\" data-widget_type=\"heading.default\">\n\t\t\t\t<div class=\"elementor-widget-container\">\n\t\t\t\t\t<h2 class=\"elementor-heading-title elementor-size-default\">AmiLab<\/h2>\t\t\t\t<\/div>\n\t\t\t\t<\/div>\n\t\t\t\t<div class=\"elementor-element elementor-element-5d10091 elementor-widget elementor-widget-text-editor\" data-id=\"5d10091\" data-element_type=\"widget\" data-e-type=\"widget\" data-widget_type=\"text-editor.default\">\n\t\t\t\t<div class=\"elementor-widget-container\">\n\t\t\t\t\t\t\t\t\t<div class=\"group w-full text-token-text-primary border-b border-black\/10 gizmo:border-0 dark:border-gray-900\/50 gizmo:dark:border-0 bg-gray-50 gizmo:bg-transparent dark:bg-[#444654] gizmo:dark:bg-transparent\" data-testid=\"conversation-turn-19\"><div class=\"p-4 justify-center text-base md:gap-6 md:py-6 m-auto\"><div class=\"flex flex-1 gap-4 text-base mx-auto md:gap-6 md:max-w-2xl lg:max-w-[38rem] xl:max-w-3xl }\"><div class=\"relative flex w-[calc(100%-50px)] flex-col gap-1 md:gap-3 lg:w-[calc(100%-115px)]\"><div class=\"flex flex-grow flex-col gap-3 max-w-full\"><div class=\"min-h-[20px] flex flex-col items-start gap-3 overflow-x-auto whitespace-pre-wrap break-words\"><div class=\"markdown prose w-full break-words dark:prose-invert dark\"><p>Notre logiciel est sp\u00e9cifiquement con\u00e7u pour r\u00e9pondre aux besoins critiques des laboratoires de biologie m\u00e9dicale, en offrant une solution compl\u00e8te pour la gestion et le contr\u00f4le des donn\u00e9es, indispensables \u00e0 la garantie d&rsquo;analyses de qualit\u00e9.<\/p><p>Gr\u00e2ce \u00e0 notre plateforme innovante, les laboratoires peuvent b\u00e9n\u00e9ficier d&rsquo;une gestion optimis\u00e9e de leurs processus, depuis la r\u00e9ception des \u00e9chantillons jusqu&rsquo;\u00e0 la d\u00e9livrance des r\u00e9sultats. Notre syst\u00e8me assure une tra\u00e7abilit\u00e9 totale des donn\u00e9es, permettant une supervision pr\u00e9cise \u00e0 chaque \u00e9tape du processus d&rsquo;analyse.<\/p><p>Notre solution est con\u00e7ue pour s&rsquo;adapter aux besoins sp\u00e9cifiques de chaque laboratoire, avec une interface conviviale et personnalisable. De plus, notre \u00e9quipe d\u00e9di\u00e9e offre un support technique continu, assurant une mise en \u0153uvre fluide et une utilisation optimale du logiciel.<\/p><\/div><\/div><\/div><\/div><\/div><\/div><\/div>\t\t\t\t\t\t\t\t<\/div>\n\t\t\t\t<\/div>\n\t\t\t\t\t<\/div>\n\t\t<\/div>\n\t\t\t\t<div class=\"elementor-column elementor-col-50 elementor-inner-column elementor-element elementor-element-10685a4\" data-id=\"10685a4\" data-element_type=\"column\" data-e-type=\"column\">\n\t\t\t<div class=\"elementor-widget-wrap elementor-element-populated\">\n\t\t\t\t\t\t<div class=\"elementor-element elementor-element-0369181 elementor-widget elementor-widget-image\" data-id=\"0369181\" data-element_type=\"widget\" data-e-type=\"widget\" data-widget_type=\"image.default\">\n\t\t\t\t<div class=\"elementor-widget-container\">\n\t\t\t\t\t\t\t\t\t\t\t\t\t\t\t<img decoding=\"async\" width=\"683\" height=\"1024\" src=\"https:\/\/www.aegle.fr\/wp-content\/uploads\/2024\/04\/laboratory-samples-arrangement-683x1024.jpg\" class=\"attachment-large size-large wp-image-3768\" alt=\"AmiLAB\" srcset=\"https:\/\/www.aegle.fr\/wp-content\/uploads\/2024\/04\/laboratory-samples-arrangement-683x1024.jpg 683w, https:\/\/www.aegle.fr\/wp-content\/uploads\/2024\/04\/laboratory-samples-arrangement-200x300.jpg 200w, https:\/\/www.aegle.fr\/wp-content\/uploads\/2024\/04\/laboratory-samples-arrangement-768x1151.jpg 768w, https:\/\/www.aegle.fr\/wp-content\/uploads\/2024\/04\/laboratory-samples-arrangement-1025x1536.jpg 1025w, https:\/\/www.aegle.fr\/wp-content\/uploads\/2024\/04\/laboratory-samples-arrangement-1367x2048.jpg 1367w, https:\/\/www.aegle.fr\/wp-content\/uploads\/2024\/04\/laboratory-samples-arrangement-scaled.jpg 1708w\" sizes=\"(max-width: 683px) 100vw, 683px\" \/>\t\t\t\t\t\t\t\t\t\t\t\t\t\t\t<\/div>\n\t\t\t\t<\/div>\n\t\t\t\t\t<\/div>\n\t\t<\/div>\n\t\t\t\t\t<\/div>\n\t\t<\/section>\n\t\t\t\t\t<\/div>\n\t\t<\/div>\n\t\t\t\t\t<\/div>\n\t\t<\/section>\n\t\t\t\t<\/div>\n\t\t","protected":false},"excerpt":{"rendered":"<p>D\u00e9couvrez nos solutions AMI AMI, notre solution modulaire compl\u00e8te, r\u00e9volutionne chaque \u00e9tape du parcours de soins du patient. Con\u00e7ue pour capturer en temps r\u00e9el les donn\u00e9es m\u00e9dicales essentielles, AMI garantit la constitution d&rsquo;un dossier m\u00e9dical patient homog\u00e8ne, s\u00e9curis\u00e9 et conforme aux normes les plus rigoureuses. Gr\u00e2ce \u00e0 AMI, le suivi m\u00e9dical et la prise en [&hellip;]<\/p>\n","protected":false},"author":1,"featured_media":0,"parent":0,"menu_order":0,"comment_status":"closed","ping_status":"closed","template":"elementor_header_footer","meta":{"footnotes":""},"class_list":["post-3411","page","type-page","status-publish","hentry"],"_links":{"self":[{"href":"https:\/\/www.aegle.fr\/index.php?rest_route=\/wp\/v2\/pages\/3411","targetHints":{"allow":["GET"]}}],"collection":[{"href":"https:\/\/www.aegle.fr\/index.php?rest_route=\/wp\/v2\/pages"}],"about":[{"href":"https:\/\/www.aegle.fr\/index.php?rest_route=\/wp\/v2\/types\/page"}],"author":[{"embeddable":true,"href":"https:\/\/www.aegle.fr\/index.php?rest_route=\/wp\/v2\/users\/1"}],"replies":[{"embeddable":true,"href":"https:\/\/www.aegle.fr\/index.php?rest_route=%2Fwp%2Fv2%2Fcomments&post=3411"}],"version-history":[{"count":53,"href":"https:\/\/www.aegle.fr\/index.php?rest_route=\/wp\/v2\/pages\/3411\/revisions"}],"predecessor-version":[{"id":3828,"href":"https:\/\/www.aegle.fr\/index.php?rest_route=\/wp\/v2\/pages\/3411\/revisions\/3828"}],"wp:attachment":[{"href":"https:\/\/www.aegle.fr\/index.php?rest_route=%2Fwp%2Fv2%2Fmedia&parent=3411"}],"curies":[{"name":"wp","href":"https:\/\/api.w.org\/{rel}","templated":true}]}}